{"id":6843,"date":"2020-04-16T14:48:01","date_gmt":"2020-04-16T12:48:01","guid":{"rendered":"https:\/\/www.milanzlokovic.org\/milan-zlokovic\/"},"modified":"2024-02-10T19:52:16","modified_gmt":"2024-02-10T17:52:16","slug":"milan-zlokovic","status":"publish","type":"page","link":"https:\/\/www.milanzlokovic.org\/en\/milan-zlokovic\/","title":{"rendered":"Milan Zlokovi\u0107"},"content":{"rendered":"\t\t<div data-elementor-type=\"wp-page\" data-elementor-id=\"6843\" class=\"elementor elementor-6843 elementor-1312\" data-elementor-post-type=\"page\">\n\t\t\t\t<div class=\"elementor-element elementor-element-70bc7df e-flex e-con-boxed e-con e-parent\" data-id=\"70bc7df\" data-element_type=\"container\">\n\t\t\t\t\t<div class=\"e-con-inner\">\n\t\t<div class=\"elementor-element elementor-element-37e34fc e-con-full e-flex e-con e-child\" data-id=\"37e34fc\" data-element_type=\"container\">\n\t\t\t\t<div class=\"elementor-element elementor-element-6653064 elementor-widget elementor-widget-heading\" data-id=\"6653064\" data-element_type=\"widget\" data-widget_type=\"heading.default\">\n\t\t\t\t\t<h1 class=\"elementor-heading-title elementor-size-default\">Milan Zlokovi\u0107<\/h1>\t\t\t\t<\/div>\n\t\t\t\t<div class=\"elementor-element elementor-element-3b2a28d elementor-widget elementor-widget-heading\" data-id=\"3b2a28d\" data-element_type=\"widget\" data-widget_type=\"heading.default\">\n\t\t\t\t\t<h4 class=\"elementor-heading-title elementor-size-default\">1898, Trieste \u2013 1965, Belgrade<\/h4>\t\t\t\t<\/div>\n\t\t\t\t<div class=\"elementor-element elementor-element-4b2c922 elementor-widget-divider--view-line elementor-widget elementor-widget-divider\" data-id=\"4b2c922\" data-element_type=\"widget\" data-widget_type=\"divider.default\">\n\t\t\t\t\t\t\t<div class=\"elementor-divider\">\n\t\t\t<span class=\"elementor-divider-separator\">\n\t\t\t\t\t\t<\/span>\n\t\t<\/div>\n\t\t\t\t\t\t<\/div>\n\t\t\t\t<\/div>\n\t\t\t\t\t<\/div>\n\t\t\t\t<\/div>\n\t\t<div class=\"elementor-element elementor-element-f6cadbc e-flex e-con-boxed e-con e-parent\" data-id=\"f6cadbc\" data-element_type=\"container\" data-settings=\"{&quot;background_background&quot;:&quot;slideshow&quot;,&quot;background_slideshow_gallery&quot;:[],&quot;background_slideshow_loop&quot;:&quot;yes&quot;,&quot;background_slideshow_slide_duration&quot;:5000,&quot;background_slideshow_slide_transition&quot;:&quot;fade&quot;,&quot;background_slideshow_transition_duration&quot;:500}\">\n\t\t\t\t\t<div class=\"e-con-inner\">\n\t\t\t\t<div class=\"elementor-element elementor-element-855e343 elementor-widget__width-initial elementor-widget elementor-widget-image\" data-id=\"855e343\" data-element_type=\"widget\" data-widget_type=\"image.default\">\n\t\t\t\t\t\t\t\t\t\t\t\t\t\t\t<img fetchpriority=\"high\" decoding=\"async\" width=\"400\" height=\"788\" src=\"https:\/\/www.milanzlokovic.org\/wp-content\/uploads\/2020\/06\/Milan-Zlokovic\u0301-portret.jpg\" class=\"attachment-full size-full wp-image-5040\" alt=\"\" srcset=\"https:\/\/www.milanzlokovic.org\/wp-content\/uploads\/2020\/06\/Milan-Zlokovic\u0301-portret.jpg 400w, https:\/\/www.milanzlokovic.org\/wp-content\/uploads\/2020\/06\/Milan-Zlokovic\u0301-portret-152x300.jpg 152w\" sizes=\"(max-width: 400px) 100vw, 400px\" \/>\t\t\t\t\t\t\t\t\t\t\t\t\t\t\t<\/div>\n\t\t\t\t<div class=\"elementor-element elementor-element-887c002 elementor-widget__width-initial elementor-widget elementor-widget-text-editor\" data-id=\"887c002\" data-element_type=\"widget\" data-widget_type=\"text-editor.default\">\n\t\t\t\t\t\t\t\t\tMilan Zlokovi\u0107 was born in 1898 in Trieste (Italy), in a Serbian naval family from Boka Kotorska; father \u0110uro was a naval captain and ship commander in the Lloyd merchant fleet. After graduating from German Primary School and\u00a0<em>Realschule<\/em>\u00a0(a secondary school where science and modern languages \u200b\u200bare emphasized in the curriculum) in Trieste, Milan Zlokovi\u0107 began engineering studies at the\u00a0<em>Higher Technical School<\/em>\u00a0in Graz (Austria) in 1915. In May of the following year, he discontinued his studies following the World War I after being mobilized into the Austro-Hungarian army. After demobilization, he refused to accept Italian citizenship, so in 1919 he moved to the Kingdom of Serbs, Croats and Slovenes, and continued his studies in Belgrade. He graduated from the\u00a0<em>Department of Architecture<\/em>\u00a0at the\u00a0<em>Faculty of Engineering,<\/em>\u00a0University of Belgrade in 1921. After graduation in 1922-23, he went to Paris as a holder of a scholarship from the French Government and, later, as a scholarship holder of the Ministry of Education (Education) of the Kingdom of Serbs, Croats and Slovenes. There he studied at the\u00a0<em>\u00c9cole Nationale Sup\u00e9rieure des Beaux-Arts<\/em>\u00a0and regularly took drawing courses at the\u00a0<em>Acad\u00e9mie de la Grande Chaumi\u00e8re<\/em>. In 1923, Zlokovi\u0107 returned to Belgrade where he began working as an assistant in the\u00a0<em>Department of Architecture at the Faculty of Engineering<\/em>\u00a0(later\u00a0<em>Faculty of Architecture<\/em>, University of Belgrade). His academic career continued until his death, and in 1952-54, he was Dean of the\u00a0<em>Faculty of Architecture<\/em>.\r\n\r\nIn addition to his academic career, he actively practiced in his own architectural studio until 1941, participating in architectural competitions in which he won about 20 awards and 16 redemptions. In his private practice, Zlokovi\u0107 has realized about 40 buildings \u2013 from private houses and villas to large public buildings. Together with the architects Branislav Koji\u0107, Du\u0161an Babi\u0107 and Jan Dubovi, in 1928 he founded the Group of Architects of the Modern Direction in Belgrade, which significantly contributed to the establishment of the discourse of modern architecture in Serbia. In the post-war period, his private practice ceased to operate due to new socio-political circumstances, although he continued to participate in architectural competitions in the period 1960-65. year, with his son \u0110or\u0111e and daughter Milica, also architects, realizes two extremely important projects with the use of modular coordination. During this period, he focused on theoretical papers in the field of proportions and modular coordination in architecture, and published several scientific papers on this topic. He won the\u00a0<em>Seventh of July Award<\/em>\u00a0of the Republic of Serbia for his life\u2019s work in 1963.\r\n\r\nMilan Zlokovi\u0107 died in 1965, in Belgrade.\t\t\t\t\t\t\t\t<\/div>\n\t\t\t\t\t<\/div>\n\t\t\t\t<\/div>\n\t\t\t\t<\/div>\n\t\t","protected":false},"excerpt":{"rendered":"<p>Milan Zlokovi\u0107 1898, Trieste \u2013 1965, Belgrade Milan Zlokovi\u0107 was born in 1898 in Trieste (Italy), in a Serbian naval family from Boka Kotorska; father \u0110uro was a naval captain and ship commander in the Lloyd merchant fleet. After graduating from German Primary School and\u00a0Realschule\u00a0(a secondary school where science and modern languages \u200b\u200bare emphasized in [&hellip;]<\/p>\n","protected":false},"author":1,"featured_media":0,"parent":0,"menu_order":0,"comment_status":"closed","ping_status":"closed","template":"elementor_header_footer","meta":{"_acf_changed":false,"inline_featured_image":false,"footnotes":""},"categories":[],"tags":[],"class_list":["post-6843","page","type-page","status-publish","hentry"],"acf":[],"yoast_head":"<!-- This site is optimized with the Yoast SEO plugin v26.7 - https:\/\/yoast.com\/wordpress\/plugins\/seo\/ -->\n<title>Milan Zlokovi\u0107 - Fondacija Milan Zlokovi\u0107<\/title>\n<meta name=\"robots\" content=\"index, follow, max-snippet:-1, max-image-preview:large, max-video-preview:-1\" \/>\n<link rel=\"canonical\" href=\"https:\/\/www.milanzlokovic.org\/en\/milan-zlokovic\/\" \/>\n<meta property=\"og:locale\" content=\"en_US\" \/>\n<meta property=\"og:type\" content=\"article\" \/>\n<meta property=\"og:title\" content=\"Milan Zlokovi\u0107 - Fondacija Milan Zlokovi\u0107\" \/>\n<meta property=\"og:description\" content=\"Milan Zlokovi\u0107 1898, Trieste \u2013 1965, Belgrade Milan Zlokovi\u0107 was born in 1898 in Trieste (Italy), in a Serbian naval family from Boka Kotorska; father \u0110uro was a naval captain and ship commander in the Lloyd merchant fleet. After graduating from German Primary School and\u00a0Realschule\u00a0(a secondary school where science and modern languages \u200b\u200bare emphasized in [&hellip;]\" \/>\n<meta property=\"og:url\" content=\"https:\/\/www.milanzlokovic.org\/en\/milan-zlokovic\/\" \/>\n<meta property=\"og:site_name\" content=\"Fondacija Milan Zlokovi\u0107\" \/>\n<meta property=\"article:modified_time\" content=\"2024-02-10T17:52:16+00:00\" \/>\n<meta name=\"twitter:card\" content=\"summary_large_image\" \/>\n<meta name=\"twitter:label1\" content=\"Est. reading time\" \/>\n\t<meta name=\"twitter:data1\" content=\"2 minutes\" \/>\n<script type=\"application\/ld+json\" class=\"yoast-schema-graph\">{\"@context\":\"https:\/\/schema.org\",\"@graph\":[{\"@type\":\"WebPage\",\"@id\":\"https:\/\/www.milanzlokovic.org\/en\/milan-zlokovic\/\",\"url\":\"https:\/\/www.milanzlokovic.org\/en\/milan-zlokovic\/\",\"name\":\"Milan Zlokovi\u0107 - Fondacija Milan Zlokovi\u0107\",\"isPartOf\":{\"@id\":\"https:\/\/www.milanzlokovic.org\/en\/#website\"},\"datePublished\":\"2020-04-16T12:48:01+00:00\",\"dateModified\":\"2024-02-10T17:52:16+00:00\",\"breadcrumb\":{\"@id\":\"https:\/\/www.milanzlokovic.org\/en\/milan-zlokovic\/#breadcrumb\"},\"inLanguage\":\"en-US\",\"potentialAction\":[{\"@type\":\"ReadAction\",\"target\":[\"https:\/\/www.milanzlokovic.org\/en\/milan-zlokovic\/\"]}]},{\"@type\":\"BreadcrumbList\",\"@id\":\"https:\/\/www.milanzlokovic.org\/en\/milan-zlokovic\/#breadcrumb\",\"itemListElement\":[{\"@type\":\"ListItem\",\"position\":1,\"name\":\"Po\u010detna\",\"item\":\"https:\/\/www.milanzlokovic.org\/en\/\"},{\"@type\":\"ListItem\",\"position\":2,\"name\":\"Milan Zlokovi\u0107\"}]},{\"@type\":\"WebSite\",\"@id\":\"https:\/\/www.milanzlokovic.org\/en\/#website\",\"url\":\"https:\/\/www.milanzlokovic.org\/en\/\",\"name\":\"Fondacija Milan Zlokovi\u0107\",\"description\":\"Arhitekz Milan Zlokovi\u0107\",\"publisher\":{\"@id\":\"https:\/\/www.milanzlokovic.org\/en\/#organization\"},\"potentialAction\":[{\"@type\":\"SearchAction\",\"target\":{\"@type\":\"EntryPoint\",\"urlTemplate\":\"https:\/\/www.milanzlokovic.org\/en\/?s={search_term_string}\"},\"query-input\":{\"@type\":\"PropertyValueSpecification\",\"valueRequired\":true,\"valueName\":\"search_term_string\"}}],\"inLanguage\":\"en-US\"},{\"@type\":\"Organization\",\"@id\":\"https:\/\/www.milanzlokovic.org\/en\/#organization\",\"name\":\"Fondacija Milan Zlokovi\u0107\",\"url\":\"https:\/\/www.milanzlokovic.org\/en\/\",\"logo\":{\"@type\":\"ImageObject\",\"inLanguage\":\"en-US\",\"@id\":\"https:\/\/www.milanzlokovic.org\/en\/#\/schema\/logo\/image\/\",\"url\":\"https:\/\/www.milanzlokovic.org\/wp-content\/uploads\/2022\/03\/logo@2x.png\",\"contentUrl\":\"https:\/\/www.milanzlokovic.org\/wp-content\/uploads\/2022\/03\/logo@2x.png\",\"width\":398,\"height\":77,\"caption\":\"Fondacija Milan Zlokovi\u0107\"},\"image\":{\"@id\":\"https:\/\/www.milanzlokovic.org\/en\/#\/schema\/logo\/image\/\"}}]}<\/script>\n<!-- \/ Yoast SEO plugin. -->","yoast_head_json":{"title":"Milan Zlokovi\u0107 - Fondacija Milan Zlokovi\u0107","robots":{"index":"index","follow":"follow","max-snippet":"max-snippet:-1","max-image-preview":"max-image-preview:large","max-video-preview":"max-video-preview:-1"},"canonical":"https:\/\/www.milanzlokovic.org\/en\/milan-zlokovic\/","og_locale":"en_US","og_type":"article","og_title":"Milan Zlokovi\u0107 - Fondacija Milan Zlokovi\u0107","og_description":"Milan Zlokovi\u0107 1898, Trieste \u2013 1965, Belgrade Milan Zlokovi\u0107 was born in 1898 in Trieste (Italy), in a Serbian naval family from Boka Kotorska; father \u0110uro was a naval captain and ship commander in the Lloyd merchant fleet. After graduating from German Primary School and\u00a0Realschule\u00a0(a secondary school where science and modern languages \u200b\u200bare emphasized in [&hellip;]","og_url":"https:\/\/www.milanzlokovic.org\/en\/milan-zlokovic\/","og_site_name":"Fondacija Milan Zlokovi\u0107","article_modified_time":"2024-02-10T17:52:16+00:00","twitter_card":"summary_large_image","twitter_misc":{"Est. reading time":"2 minutes"},"schema":{"@context":"https:\/\/schema.org","@graph":[{"@type":"WebPage","@id":"https:\/\/www.milanzlokovic.org\/en\/milan-zlokovic\/","url":"https:\/\/www.milanzlokovic.org\/en\/milan-zlokovic\/","name":"Milan Zlokovi\u0107 - Fondacija Milan Zlokovi\u0107","isPartOf":{"@id":"https:\/\/www.milanzlokovic.org\/en\/#website"},"datePublished":"2020-04-16T12:48:01+00:00","dateModified":"2024-02-10T17:52:16+00:00","breadcrumb":{"@id":"https:\/\/www.milanzlokovic.org\/en\/milan-zlokovic\/#breadcrumb"},"inLanguage":"en-US","potentialAction":[{"@type":"ReadAction","target":["https:\/\/www.milanzlokovic.org\/en\/milan-zlokovic\/"]}]},{"@type":"BreadcrumbList","@id":"https:\/\/www.milanzlokovic.org\/en\/milan-zlokovic\/#breadcrumb","itemListElement":[{"@type":"ListItem","position":1,"name":"Po\u010detna","item":"https:\/\/www.milanzlokovic.org\/en\/"},{"@type":"ListItem","position":2,"name":"Milan Zlokovi\u0107"}]},{"@type":"WebSite","@id":"https:\/\/www.milanzlokovic.org\/en\/#website","url":"https:\/\/www.milanzlokovic.org\/en\/","name":"Fondacija Milan Zlokovi\u0107","description":"Arhitekz Milan Zlokovi\u0107","publisher":{"@id":"https:\/\/www.milanzlokovic.org\/en\/#organization"},"potentialAction":[{"@type":"SearchAction","target":{"@type":"EntryPoint","urlTemplate":"https:\/\/www.milanzlokovic.org\/en\/?s={search_term_string}"},"query-input":{"@type":"PropertyValueSpecification","valueRequired":true,"valueName":"search_term_string"}}],"inLanguage":"en-US"},{"@type":"Organization","@id":"https:\/\/www.milanzlokovic.org\/en\/#organization","name":"Fondacija Milan Zlokovi\u0107","url":"https:\/\/www.milanzlokovic.org\/en\/","logo":{"@type":"ImageObject","inLanguage":"en-US","@id":"https:\/\/www.milanzlokovic.org\/en\/#\/schema\/logo\/image\/","url":"https:\/\/www.milanzlokovic.org\/wp-content\/uploads\/2022\/03\/logo@2x.png","contentUrl":"https:\/\/www.milanzlokovic.org\/wp-content\/uploads\/2022\/03\/logo@2x.png","width":398,"height":77,"caption":"Fondacija Milan Zlokovi\u0107"},"image":{"@id":"https:\/\/www.milanzlokovic.org\/en\/#\/schema\/logo\/image\/"}}]}},"_links":{"self":[{"href":"https:\/\/www.milanzlokovic.org\/en\/wp-json\/wp\/v2\/pages\/6843","targetHints":{"allow":["GET"]}}],"collection":[{"href":"https:\/\/www.milanzlokovic.org\/en\/wp-json\/wp\/v2\/pages"}],"about":[{"href":"https:\/\/www.milanzlokovic.org\/en\/wp-json\/wp\/v2\/types\/page"}],"author":[{"embeddable":true,"href":"https:\/\/www.milanzlokovic.org\/en\/wp-json\/wp\/v2\/users\/1"}],"replies":[{"embeddable":true,"href":"https:\/\/www.milanzlokovic.org\/en\/wp-json\/wp\/v2\/comments?post=6843"}],"version-history":[{"count":20,"href":"https:\/\/www.milanzlokovic.org\/en\/wp-json\/wp\/v2\/pages\/6843\/revisions"}],"predecessor-version":[{"id":9295,"href":"https:\/\/www.milanzlokovic.org\/en\/wp-json\/wp\/v2\/pages\/6843\/revisions\/9295"}],"wp:attachment":[{"href":"https:\/\/www.milanzlokovic.org\/en\/wp-json\/wp\/v2\/media?parent=6843"}],"wp:term":[{"taxonomy":"category","embeddable":true,"href":"https:\/\/www.milanzlokovic.org\/en\/wp-json\/wp\/v2\/categories?post=6843"},{"taxonomy":"post_tag","embeddable":true,"href":"https:\/\/www.milanzlokovic.org\/en\/wp-json\/wp\/v2\/tags?post=6843"}],"curies":[{"name":"wp","href":"https:\/\/api.w.org\/{rel}","templated":true}]}}